{"id":26,"date":"2026-04-11T13:31:34","date_gmt":"2026-04-11T13:31:34","guid":{"rendered":"http:\/\/emmanuellelombard.fr\/?page_id=26"},"modified":"2026-04-11T13:33:39","modified_gmt":"2026-04-11T13:33:39","slug":"formations-en-accompagnement-des-personnes-avec-tsa","status":"publish","type":"page","link":"https:\/\/emmanuellelombard.fr\/index.php\/formations-en-accompagnement-des-personnes-avec-tsa\/","title":{"rendered":"Formations en Accompagnement des personnes avec TSA"},"content":{"rendered":"\t\t<div data-elementor-type=\"wp-page\" data-elementor-id=\"26\" class=\"elementor elementor-26\">\n\t\t\t\t<div class=\"elementor-element elementor-element-05644d4 e-flex e-con-boxed e-con e-parent\" data-id=\"05644d4\" data-element_type=\"container\" data-e-type=\"container\">\n\t\t\t\t\t<div class=\"e-con-inner\">\n\t\t\t\t<div class=\"elementor-element elementor-element-be87a88 elementor-widget elementor-widget-text-editor\" data-id=\"be87a88\" data-element_type=\"widget\" data-e-type=\"widget\" data-widget_type=\"text-editor.default\">\n\t\t\t\t\t\t\t\t\t<p>Formatrice \u2013 \u00c9ducatrice sp\u00e9cialis\u00e9e<br \/>\u00c9ducatrice sp\u00e9cialis\u00e9e avec 10 ans d\u2019exp\u00e9rience dans l\u2019accompagnement de personnes pr\u00e9sentant des troubles du spectre de l\u2019autisme (enfants, adolescents et adultes) au sein de structures m\u00e9dico-sociales (IME, MAS) avec une exp\u00e9rience en coordination d\u2019\u00e9quipe \u00e9ducative, tutorat de stagiaires et accompagnement de volontaires en service civique.<br \/>Mon approche p\u00e9dagogique s\u2019appuie sur :<br \/>\u2022<br \/>L\u2019exp\u00e9rience de terrain<br \/>\u2022<br \/>L\u2019analyse de situations professionnelles<br \/>\u2022<br \/>La transmission d\u2019outils concrets directement utilisables par les \u00e9quipes<br \/>Public concern\u00e9<br \/>Professionnels du secteur m\u00e9dico-social et \u00e9ducatif :<br \/>\u2022<br \/>\u00c9ducateurs sp\u00e9cialis\u00e9s<br \/>\u2022<br \/>AES \/ AMP<br \/>\u2022<br \/>Professionnels accompagnant des personnes avec TSA<br \/>\u2022<br \/>\u00c9quipes pluridisciplinaires<br \/>Les formations peuvent \u00eatre adapt\u00e9es en fonction du public et du contexte professionnel des participants.<br \/>Objectif des formations<br \/>Permettre aux professionnels du secteur m\u00e9dico-social et \u00e9ducatif :<br \/>\u2022<br \/>Comprendre le fonctionnement des personnes avec TSA<br \/>\u2022<br \/>Adapter leurs pratiques d\u2019accompagnement<br \/>\u2022<br \/>D\u00e9velopper des strat\u00e9gies \u00e9ducatives favorisant l\u2019autonomie et la communication<br \/>Modules de formation propos\u00e9s<br \/>Comprendre les troubles du spectre de l\u2019autisme<br \/>Objectifs :<br \/>\u2022<br \/>Identifier les particularit\u00e9s du fonctionnement autistique<br \/>\u2022<br \/>Adapter les pratiques professionnelles<br \/>Dur\u00e9e possible : 1 \u00e0 2 jours<br \/>Page 2<br \/>Structurer l\u2019environnement de la personne avec TSA<br \/>Objectifs :<br \/>\u2022<br \/>Comprendre l\u2019importance de la structuration<br \/>\u2022<br \/>Adapter l\u2019environnement pour s\u00e9curiser et favoriser les rep\u00e8res<br \/>Dur\u00e9e possible : 1 \u00e0 2 jours<br \/>Favoriser l\u2019autonomie des personnes avec TSA<br \/>Objectifs :<br \/>\u2022<br \/>Soutenir le d\u00e9veloppement des comp\u00e9tences adaptatives<br \/>\u2022<br \/>Accompagner les apprentissages dans les actes de la vie quotidienne<br \/>Dur\u00e9e possible : 1 \u00e0 2 jours<br \/>Comprendre et pr\u00e9venir les troubles du comportement<br \/>Objectifs :<br \/>\u2022<br \/>Analyser les fonctions du comportement<br \/>\u2022<br \/>D\u00e9velopper des strat\u00e9gies \u00e9ducatives adapt\u00e9es<br \/>Dur\u00e9e possible : 1 \u00e0 2 jours<br \/>Communication Alternative et Am\u00e9lior\u00e9e (CAA) dans l\u2019accompagnement des personnes avec TSA<br \/>Objectifs :<br \/>\u2022<br \/>Comprendre les principes de la CAA<br \/>\u2022<br \/>D\u00e9couvrir diff\u00e9rents outils de communication alternative<br \/>\u2022<br \/>Soutenir la communication et l\u2019expression des besoins des personnes accompagn\u00e9es<br \/>Dur\u00e9e possible : 1 \u00e0 2 jours<br \/>Modalit\u00e9s p\u00e9dagogiques<br \/>\u2022<br \/>Apports th\u00e9oriques<br \/>\u2022<br \/>Analyse de situations professionnelles<br \/>\u2022<br \/>\u00c9changes et r\u00e9flexion collective<br \/>\u2022<br \/>Outils pratiques issus du terrain<br \/>Programmes d\u00e9taill\u00e9s disponibles\u00a0<\/p>\t\t\t\t\t\t\t\t<\/div>\n\t\t\t\t\t<\/div>\n\t\t\t\t<\/div>\n\t\t\t\t<\/div>\n\t\t","protected":false},"excerpt":{"rendered":"<p>Formatrice \u2013 \u00c9ducatrice sp\u00e9cialis\u00e9e\u00c9ducatrice sp\u00e9cialis\u00e9e avec 10 ans d\u2019exp\u00e9rience dans l\u2019accompagnement de personnes pr\u00e9sentant des troubles du spectre de l\u2019autisme [&hellip;]<\/p>\n","protected":false},"author":1,"featured_media":0,"parent":0,"menu_order":0,"comment_status":"closed","ping_status":"closed","template":"","meta":{"site-sidebar-layout":"no-sidebar","site-content-layout":"","ast-site-content-layout":"full-width-container","site-content-style":"default","site-sidebar-style":"default","ast-global-header-display":"","ast-banner-title-visibility":"","ast-main-header-display":"","ast-hfb-above-header-display":"","ast-hfb-below-header-display":"","ast-hfb-mobile-header-display":"","site-post-title":"","ast-breadcrumbs-content":"","ast-featured-img":"disabled","footer-sml-layout":"","ast-disable-related-posts":"","theme-transparent-header-meta":"","adv-header-id-meta":"","stick-header-meta":"","header-above-stick-meta":"","header-main-stick-meta":"","header-below-stick-meta":"","astra-migrate-meta-layouts":"default","ast-page-background-enabled":"default","ast-page-background-meta":{"desktop":{"background-color":"var(--ast-global-color-5)","background-image":"","background-repeat":"repeat","background-position":"center center","background-size":"auto","background-attachment":"scroll","background-type":"","background-media":"","overlay-type":"","overlay-color":"","overlay-opacity":"","overlay-gradient":""},"tablet":{"background-color":"","background-image":"","background-repeat":"repeat","background-position":"center center","background-size":"auto","background-attachment":"scroll","background-type":"","background-media":"","overlay-type":"","overlay-color":"","overlay-opacity":"","overlay-gradient":""},"mobile":{"background-color":"","background-image":"","background-repeat":"repeat","background-position":"center center","background-size":"auto","background-attachment":"scroll","background-type":"","background-media":"","overlay-type":"","overlay-color":"","overlay-opacity":"","overlay-gradient":""}},"ast-content-background-meta":{"desktop":{"background-color":"var(--ast-global-color-4)","background-image":"","background-repeat":"repeat","background-position":"center center","background-size":"auto","background-attachment":"scroll","background-type":"","background-media":"","overlay-type":"","overlay-color":"","overlay-opacity":"","overlay-gradient":""},"tablet":{"background-color":"var(--ast-global-color-4)","background-image":"","background-repeat":"repeat","background-position":"center center","background-size":"auto","background-attachment":"scroll","background-type":"","background-media":"","overlay-type":"","overlay-color":"","overlay-opacity":"","overlay-gradient":""},"mobile":{"background-color":"var(--ast-global-color-4)","background-image":"","background-repeat":"repeat","background-position":"center center","background-size":"auto","background-attachment":"scroll","background-type":"","background-media":"","overlay-type":"","overlay-color":"","overlay-opacity":"","overlay-gradient":""}},"footnotes":""},"class_list":["post-26","page","type-page","status-publish","hentry"],"_links":{"self":[{"href":"https:\/\/emmanuellelombard.fr\/index.php\/wp-json\/wp\/v2\/pages\/26","targetHints":{"allow":["GET"]}}],"collection":[{"href":"https:\/\/emmanuellelombard.fr\/index.php\/wp-json\/wp\/v2\/pages"}],"about":[{"href":"https:\/\/emmanuellelombard.fr\/index.php\/wp-json\/wp\/v2\/types\/page"}],"author":[{"embeddable":true,"href":"https:\/\/emmanuellelombard.fr\/index.php\/wp-json\/wp\/v2\/users\/1"}],"replies":[{"embeddable":true,"href":"https:\/\/emmanuellelombard.fr\/index.php\/wp-json\/wp\/v2\/comments?post=26"}],"version-history":[{"count":4,"href":"https:\/\/emmanuellelombard.fr\/index.php\/wp-json\/wp\/v2\/pages\/26\/revisions"}],"predecessor-version":[{"id":30,"href":"https:\/\/emmanuellelombard.fr\/index.php\/wp-json\/wp\/v2\/pages\/26\/revisions\/30"}],"wp:attachment":[{"href":"https:\/\/emmanuellelombard.fr\/index.php\/wp-json\/wp\/v2\/media?parent=26"}],"curies":[{"name":"wp","href":"https:\/\/api.w.org\/{rel}","templated":true}]}}